{"id":19,"date":"2025-10-25T14:40:28","date_gmt":"2025-10-25T12:40:28","guid":{"rendered":"https:\/\/santoshayoga.pl\/cennik\/"},"modified":"2026-02-02T01:34:18","modified_gmt":"2026-02-02T00:34:18","slug":"cennik","status":"publish","type":"page","link":"https:\/\/santoshayoga.pl\/?page_id=19","title":{"rendered":"Cennik"},"content":{"rendered":"\t\t<div data-elementor-type=\"wp-page\" data-elementor-id=\"19\" class=\"elementor elementor-19\" data-elementor-post-type=\"page\">\n\t\t\t\t<div class=\"elementor-element elementor-element-9b180eb e-flex e-con-boxed e-con e-parent\" data-id=\"9b180eb\" data-element_type=\"container\" data-settings=\"{&quot;background_background&quot;:&quot;classic&quot;}\">\n\t\t\t\t\t<div class=\"e-con-inner\">\n\t\t\t\t<div class=\"elementor-element elementor-element-04a07bf animated-slow elementor-invisible elementor-widget elementor-widget-heading\" data-id=\"04a07bf\" data-element_type=\"widget\" data-settings=\"{&quot;_animation&quot;:&quot;fadeInUp&quot;}\" data-widget_type=\"heading.default\">\n\t\t\t\t\t<h1 class=\"elementor-heading-title elementor-size-default\">Cennik<\/h1>\t\t\t\t<\/div>\n\t\t\t\t<div class=\"elementor-element elementor-element-fa3f00c elementor-widget elementor-widget-spacer\" data-id=\"fa3f00c\" data-element_type=\"widget\" data-widget_type=\"spacer.default\">\n\t\t\t\t\t\t\t<div class=\"elementor-spacer\">\n\t\t\t<div class=\"elementor-spacer-inner\"><\/div>\n\t\t<\/div>\n\t\t\t\t\t\t<\/div>\n\t\t<div class=\"elementor-element elementor-element-8cbd30c e-con-full e-flex e-con e-child\" data-id=\"8cbd30c\" data-element_type=\"container\">\n\t\t<div class=\"elementor-element elementor-element-f4f16a1 e-con-full e-flex e-con e-child\" data-id=\"f4f16a1\" data-element_type=\"container\">\n\t\t\t\t<div class=\"elementor-element elementor-element-d66235b elementor-widget elementor-widget-heading\" data-id=\"d66235b\" data-element_type=\"widget\" data-widget_type=\"heading.default\">\n\t\t\t\t\t<h2 class=\"elementor-heading-title elementor-size-default\">Zaj\u0119cia grupowe<\/h2>\t\t\t\t<\/div>\n\t\t\t\t<div class=\"elementor-element elementor-element-6bb9c40 elementor-widget elementor-widget-spacer\" data-id=\"6bb9c40\" data-element_type=\"widget\" data-widget_type=\"spacer.default\">\n\t\t\t\t\t\t\t<div class=\"elementor-spacer\">\n\t\t\t<div class=\"elementor-spacer-inner\"><\/div>\n\t\t<\/div>\n\t\t\t\t\t\t<\/div>\n\t\t<div class=\"elementor-element elementor-element-105a486 e-con-full e-flex e-con e-child\" data-id=\"105a486\" data-element_type=\"container\">\n\t\t\t\t<div class=\"elementor-element elementor-element-f8353a7 elementor-widget elementor-widget-heading\" data-id=\"f8353a7\" data-element_type=\"widget\" data-widget_type=\"heading.default\">\n\t\t\t\t\t<h3 class=\"elementor-heading-title elementor-size-default\">Pojedyncze wej\u015bcie<\/h3>\t\t\t\t<\/div>\n\t\t\t\t<div class=\"elementor-element elementor-element-411d875 elementor-widget elementor-widget-text-editor\" data-id=\"411d875\" data-element_type=\"widget\" data-widget_type=\"text-editor.default\">\n\t\t\t\t\t\t\t\t\t<p>60 z\u0142<\/p>\t\t\t\t\t\t\t\t<\/div>\n\t\t\t\t<\/div>\n\t\t<div class=\"elementor-element elementor-element-b9681e0 e-con-full e-flex e-con e-child\" data-id=\"b9681e0\" data-element_type=\"container\">\n\t\t\t\t<div class=\"elementor-element elementor-element-16c5c9d elementor-widget elementor-widget-heading\" data-id=\"16c5c9d\" data-element_type=\"widget\" data-widget_type=\"heading.default\">\n\t\t\t\t\t<h3 class=\"elementor-heading-title elementor-size-default\">Karnet - 4 wej\u015bcia<\/h3>\t\t\t\t<\/div>\n\t\t\t\t<div class=\"elementor-element elementor-element-0b81190 elementor-widget elementor-widget-text-editor\" data-id=\"0b81190\" data-element_type=\"widget\" data-widget_type=\"text-editor.default\">\n\t\t\t\t\t\t\t\t\t<p>160 z\u0142<\/p>\t\t\t\t\t\t\t\t<\/div>\n\t\t\t\t<\/div>\n\t\t<div class=\"elementor-element elementor-element-6d4f0d5 e-con-full e-flex e-con e-child\" data-id=\"6d4f0d5\" data-element_type=\"container\">\n\t\t\t\t<div class=\"elementor-element elementor-element-738f0a2 elementor-widget elementor-widget-heading\" data-id=\"738f0a2\" data-element_type=\"widget\" data-widget_type=\"heading.default\">\n\t\t\t\t\t<h3 class=\"elementor-heading-title elementor-size-default\">Karnet - 8 wej\u015b\u0107<\/h3>\t\t\t\t<\/div>\n\t\t\t\t<div class=\"elementor-element elementor-element-83b99d3 elementor-widget elementor-widget-text-editor\" data-id=\"83b99d3\" data-element_type=\"widget\" data-widget_type=\"text-editor.default\">\n\t\t\t\t\t\t\t\t\t<p>280 z\u0142<\/p>\t\t\t\t\t\t\t\t<\/div>\n\t\t\t\t<\/div>\n\t\t\t\t<div class=\"elementor-element elementor-element-d5f82e4 elementor-widget elementor-widget-spacer\" data-id=\"d5f82e4\" data-element_type=\"widget\" data-widget_type=\"spacer.default\">\n\t\t\t\t\t\t\t<div class=\"elementor-spacer\">\n\t\t\t<div class=\"elementor-spacer-inner\"><\/div>\n\t\t<\/div>\n\t\t\t\t\t\t<\/div>\n\t\t\t\t<div class=\"elementor-element elementor-element-31a750c elementor-widget elementor-widget-heading\" data-id=\"31a750c\" data-element_type=\"widget\" data-widget_type=\"heading.default\">\n\t\t\t\t\t<h2 class=\"elementor-heading-title elementor-size-default\">Zaj\u0119cia indywidualne<\/h2>\t\t\t\t<\/div>\n\t\t\t\t<div class=\"elementor-element elementor-element-5842885 elementor-widget elementor-widget-spacer\" data-id=\"5842885\" data-element_type=\"widget\" data-widget_type=\"spacer.default\">\n\t\t\t\t\t\t\t<div class=\"elementor-spacer\">\n\t\t\t<div class=\"elementor-spacer-inner\"><\/div>\n\t\t<\/div>\n\t\t\t\t\t\t<\/div>\n\t\t<div class=\"elementor-element elementor-element-a93c869 e-con-full e-flex e-con e-child\" data-id=\"a93c869\" data-element_type=\"container\">\n\t\t\t\t<div class=\"elementor-element elementor-element-f250c4d elementor-widget elementor-widget-heading\" data-id=\"f250c4d\" data-element_type=\"widget\" data-widget_type=\"heading.default\">\n\t\t\t\t\t<h3 class=\"elementor-heading-title elementor-size-default\">Pojedyncze zaj\u0119cia<\/h3>\t\t\t\t<\/div>\n\t\t\t\t<div class=\"elementor-element elementor-element-27b012f elementor-widget elementor-widget-text-editor\" data-id=\"27b012f\" data-element_type=\"widget\" data-widget_type=\"text-editor.default\">\n\t\t\t\t\t\t\t\t\t<p>160 z\u0142<\/p>\t\t\t\t\t\t\t\t<\/div>\n\t\t\t\t<\/div>\n\t\t\t\t<\/div>\n\t\t\t\t<div class=\"elementor-element elementor-element-df3af90 elementor-widget elementor-widget-image\" data-id=\"df3af90\" data-element_type=\"widget\" data-widget_type=\"image.default\">\n\t\t\t\t\t\t\t\t\t\t\t\t\t\t\t<img fetchpriority=\"high\" decoding=\"async\" width=\"400\" height=\"400\" src=\"https:\/\/santoshayoga.pl\/wp-content\/uploads\/2025\/10\/5.png\" class=\"elementor-animation-skew-backward attachment-large size-large wp-image-162\" alt=\"ikona pozycji jogi\" srcset=\"https:\/\/santoshayoga.pl\/wp-content\/uploads\/2025\/10\/5.png 400w, https:\/\/santoshayoga.pl\/wp-content\/uploads\/2025\/10\/5-300x300.png 300w, https:\/\/santoshayoga.pl\/wp-content\/uploads\/2025\/10\/5-150x150.png 150w\" sizes=\"(max-width: 400px) 100vw, 400px\" \/>\t\t\t\t\t\t\t\t\t\t\t\t\t\t\t<\/div>\n\t\t\t\t<\/div>\n\t\t\t\t<div class=\"elementor-element elementor-element-a304a2a elementor-widget elementor-widget-spacer\" data-id=\"a304a2a\" data-element_type=\"widget\" data-widget_type=\"spacer.default\">\n\t\t\t\t\t\t\t<div class=\"elementor-spacer\">\n\t\t\t<div class=\"elementor-spacer-inner\"><\/div>\n\t\t<\/div>\n\t\t\t\t\t\t<\/div>\n\t\t\t\t<div class=\"elementor-element elementor-element-a067392 elementor-widget-divider--view-line elementor-widget elementor-widget-divider\" data-id=\"a067392\" data-element_type=\"widget\" data-widget_type=\"divider.default\">\n\t\t\t\t\t\t\t<div class=\"elementor-divider\">\n\t\t\t<span class=\"elementor-divider-separator\">\n\t\t\t\t\t\t<\/span>\n\t\t<\/div>\n\t\t\t\t\t\t<\/div>\n\t\t\t\t<div class=\"elementor-element elementor-element-91eea69 elementor-widget elementor-widget-text-editor\" data-id=\"91eea69\" data-element_type=\"widget\" data-widget_type=\"text-editor.default\">\n\t\t\t\t\t\t\t\t\t<p>Na zaj\u0119cia mo\u017cna zapisa\u0107 si\u0119 telefonicznie, mailowo lub pisz\u0105c do nas na naszym Instagramie i Facebooku.<br \/>Karnety zaj\u0119\u0107 mo\u017cna zrealizowa\u0107 w ci\u0105gu 3 miesi\u0119cy.<br \/>Bezp\u0142atna rezygnacja z zaj\u0119\u0107 mo\u017cliwa jest do 24h przed rozpocz\u0119ciem zaj\u0119\u0107.<\/p>\t\t\t\t\t\t\t\t<\/div>\n\t\t<div class=\"elementor-element elementor-element-73ffc9e e-con-full e-flex e-con e-child\" data-id=\"73ffc9e\" data-element_type=\"container\">\n\t\t\t\t<div class=\"elementor-element elementor-element-67166a9 elementor-widget elementor-widget-text-editor\" data-id=\"67166a9\" data-element_type=\"widget\" data-widget_type=\"text-editor.default\">\n\t\t\t\t\t\t\t\t\t<p>Zadzwo\u0144 i zapisz si\u0119 na zaj\u0119cia<\/p>\t\t\t\t\t\t\t\t<\/div>\n\t\t\t\t<div class=\"elementor-element elementor-element-e66ad71 elementor-widget__width-auto elementor-widget elementor-widget-button\" data-id=\"e66ad71\" data-element_type=\"widget\" data-widget_type=\"button.default\">\n\t\t\t\t\t\t\t\t\t\t<a class=\"elementor-button elementor-button-link elementor-size-sm elementor-animation-grow\" href=\"tel:+48692482203\">\n\t\t\t\t\t\t<span class=\"elementor-button-content-wrapper\">\n\t\t\t\t\t\t\t\t\t<span class=\"elementor-button-text\">zadzwo\u0144<\/span>\n\t\t\t\t\t<\/span>\n\t\t\t\t\t<\/a>\n\t\t\t\t\t\t\t\t<\/div>\n\t\t\t\t<\/div>\n\t\t\t\t\t<\/div>\n\t\t\t\t<\/div>\n\t\t<div class=\"elementor-element elementor-element-301deb5 e-flex e-con-boxed e-con e-parent\" data-id=\"301deb5\" data-element_type=\"container\" data-settings=\"{&quot;background_background&quot;:&quot;classic&quot;,&quot;shape_divider_top_negative&quot;:&quot;yes&quot;,&quot;shape_divider_top&quot;:&quot;curve&quot;}\">\n\t\t\t\t\t<div class=\"e-con-inner\">\n\t\t\t\t<div class=\"elementor-shape elementor-shape-top\" aria-hidden=\"true\" data-negative=\"true\">\n\t\t\t<svg xmlns=\"http:\/\/www.w3.org\/2000\/svg\" viewBox=\"0 0 1000 100\" preserveAspectRatio=\"none\">\n\t<path class=\"elementor-shape-fill\" d=\"M500,97C126.7,96.3,0.8,19.8,0,0v100l1000,0V1C1000,19.4,873.3,97.8,500,97z\"\/>\n<\/svg>\t\t<\/div>\n\t\t<div class=\"elementor-element elementor-element-53e0ff8 e-con-full e-flex e-con e-child\" data-id=\"53e0ff8\" data-element_type=\"container\">\n\t\t\t\t<div class=\"elementor-element elementor-element-a4f6c35 elementor-cta--skin-classic elementor-animated-content elementor-bg-transform elementor-bg-transform-zoom-in elementor-widget elementor-widget-call-to-action\" data-id=\"a4f6c35\" data-element_type=\"widget\" data-widget_type=\"call-to-action.default\">\n\t\t\t\t\t\t\t<div class=\"elementor-cta\">\n\t\t\t\t\t<div class=\"elementor-cta__bg-wrapper\">\n\t\t\t\t<div class=\"elementor-cta__bg elementor-bg\" style=\"background-image: url(https:\/\/santoshayoga.pl\/wp-content\/uploads\/2026\/02\/voucher.webp);\" role=\"img\" aria-label=\"voucher na zaj\u0119cia yogi w studiu Santosha na prezent\"><\/div>\n\t\t\t\t<div class=\"elementor-cta__bg-overlay\"><\/div>\n\t\t\t<\/div>\n\t\t\t\t\t\t\t\t<\/div>\n\t\t\t\t\t\t<\/div>\n\t\t\t\t<\/div>\n\t\t<div class=\"elementor-element elementor-element-db701d8 e-con-full e-flex e-con e-child\" data-id=\"db701d8\" data-element_type=\"container\">\n\t\t<div class=\"elementor-element elementor-element-4703668 e-con-full e-flex elementor-invisible e-con e-child\" data-id=\"4703668\" data-element_type=\"container\" data-settings=\"{&quot;animation&quot;:&quot;fadeInRight&quot;}\">\n\t\t\t\t<div class=\"elementor-element elementor-element-9f420ad elementor-widget elementor-widget-heading\" data-id=\"9f420ad\" data-element_type=\"widget\" data-widget_type=\"heading.default\">\n\t\t\t\t\t<h2 class=\"elementor-heading-title elementor-size-default\">Vouchery<\/h2>\t\t\t\t<\/div>\n\t\t\t\t<div class=\"elementor-element elementor-element-941b353 elementor-widget elementor-widget-spacer\" data-id=\"941b353\" data-element_type=\"widget\" data-widget_type=\"spacer.default\">\n\t\t\t\t\t\t\t<div class=\"elementor-spacer\">\n\t\t\t<div class=\"elementor-spacer-inner\"><\/div>\n\t\t<\/div>\n\t\t\t\t\t\t<\/div>\n\t\t\t\t<div class=\"elementor-element elementor-element-b5c50db elementor-widget__width-initial elementor-widget elementor-widget-text-editor\" data-id=\"b5c50db\" data-element_type=\"widget\" data-widget_type=\"text-editor.default\">\n\t\t\t\t\t\t\t\t\t<p>Podaruj swojej bliskiej osobie prezent, kt\u00f3ry wyrazi wi\u0119cej ni\u017c s\u0142owa &#8211; chwil\u0119, w kt\u00f3rej <strong>zatroszczysz si\u0119 o jej cia\u0142o i umys\u0142<\/strong>, pozwalaj\u0105c na chwil\u0119 oderwania si\u0119 od codzienno\u015bci.<\/p>\t\t\t\t\t\t\t\t<\/div>\n\t\t\t\t<div class=\"elementor-element elementor-element-9d635c7 elementor-widget__width-initial elementor-widget elementor-widget-text-editor\" data-id=\"9d635c7\" data-element_type=\"widget\" data-widget_type=\"text-editor.default\">\n\t\t\t\t\t\t\t\t\t<p><span style=\"font-size: 1rem;\">W naszym studio mo\u017cesz zakupi\u0107 wyj\u0105tkowe vouchery na dowolon\u0105 kwot\u0119, kt\u00f3ry daj\u0105 mo\u017cliwo\u015b\u0107 wyboru mi\u0119dzy:<\/span><\/p>\t\t\t\t\t\t\t\t<\/div>\n\t\t<div class=\"elementor-element elementor-element-40d3dcd e-con-full e-flex e-con e-child\" data-id=\"40d3dcd\" data-element_type=\"container\">\n\t\t<div class=\"elementor-element elementor-element-5ebe714 e-con-full e-flex e-con e-child\" data-id=\"5ebe714\" data-element_type=\"container\">\n\t\t\t\t<div class=\"elementor-element elementor-element-e6dab9e elementor-view-default elementor-widget elementor-widget-icon\" data-id=\"e6dab9e\" data-element_type=\"widget\" data-widget_type=\"icon.default\">\n\t\t\t\t\t\t\t<div class=\"elementor-icon-wrapper\">\n\t\t\t<div class=\"elementor-icon\">\n\t\t\t<svg aria-hidden=\"true\" class=\"e-font-icon-svg e-fas-circle\" viewBox=\"0 0 512 512\" xmlns=\"http:\/\/www.w3.org\/2000\/svg\"><path d=\"M256 8C119 8 8 119 8 256s111 248 248 248 248-111 248-248S393 8 256 8z\"><\/path><\/svg>\t\t\t<\/div>\n\t\t<\/div>\n\t\t\t\t\t\t<\/div>\n\t\t\t\t<div class=\"elementor-element elementor-element-3d7fe90 elementor-widget elementor-widget-text-editor\" data-id=\"3d7fe90\" data-element_type=\"widget\" data-widget_type=\"text-editor.default\">\n\t\t\t\t\t\t\t\t\t<p>jog\u0105<\/p>\t\t\t\t\t\t\t\t<\/div>\n\t\t\t\t<\/div>\n\t\t<div class=\"elementor-element elementor-element-bf89804 e-con-full e-flex e-con e-child\" data-id=\"bf89804\" data-element_type=\"container\">\n\t\t\t\t<div class=\"elementor-element elementor-element-ae2a00d elementor-view-default elementor-widget elementor-widget-icon\" data-id=\"ae2a00d\" data-element_type=\"widget\" data-widget_type=\"icon.default\">\n\t\t\t\t\t\t\t<div class=\"elementor-icon-wrapper\">\n\t\t\t<div class=\"elementor-icon\">\n\t\t\t<svg aria-hidden=\"true\" class=\"e-font-icon-svg e-fas-circle\" viewBox=\"0 0 512 512\" xmlns=\"http:\/\/www.w3.org\/2000\/svg\"><path d=\"M256 8C119 8 8 119 8 256s111 248 248 248 248-111 248-248S393 8 256 8z\"><\/path><\/svg>\t\t\t<\/div>\n\t\t<\/div>\n\t\t\t\t\t\t<\/div>\n\t\t\t\t<div class=\"elementor-element elementor-element-713852c elementor-widget elementor-widget-text-editor\" data-id=\"713852c\" data-element_type=\"widget\" data-widget_type=\"text-editor.default\">\n\t\t\t\t\t\t\t\t\t<p>masa\u017cem Lomi Lomi Nui<\/p>\t\t\t\t\t\t\t\t<\/div>\n\t\t\t\t<\/div>\n\t\t<div class=\"elementor-element elementor-element-8a7145a e-con-full e-flex e-con e-child\" data-id=\"8a7145a\" data-element_type=\"container\">\n\t\t\t\t<div class=\"elementor-element elementor-element-51601b8 elementor-view-default elementor-widget elementor-widget-icon\" data-id=\"51601b8\" data-element_type=\"widget\" data-widget_type=\"icon.default\">\n\t\t\t\t\t\t\t<div class=\"elementor-icon-wrapper\">\n\t\t\t<div class=\"elementor-icon\">\n\t\t\t<svg aria-hidden=\"true\" class=\"e-font-icon-svg e-fas-circle\" viewBox=\"0 0 512 512\" xmlns=\"http:\/\/www.w3.org\/2000\/svg\"><path d=\"M256 8C119 8 8 119 8 256s111 248 248 248 248-111 248-248S393 8 256 8z\"><\/path><\/svg>\t\t\t<\/div>\n\t\t<\/div>\n\t\t\t\t\t\t<\/div>\n\t\t\t\t<div class=\"elementor-element elementor-element-14ec619 elementor-widget elementor-widget-text-editor\" data-id=\"14ec619\" data-element_type=\"widget\" data-widget_type=\"text-editor.default\">\n\t\t\t\t\t\t\t\t\t<p>ajurwedyjskim masa\u017cem twarzy<\/p>\t\t\t\t\t\t\t\t<\/div>\n\t\t\t\t<\/div>\n\t\t<div class=\"elementor-element elementor-element-b298b26 e-con-full e-flex e-con e-child\" data-id=\"b298b26\" data-element_type=\"container\">\n\t\t\t\t<div class=\"elementor-element elementor-element-336fc69 elementor-view-default elementor-widget elementor-widget-icon\" data-id=\"336fc69\" data-element_type=\"widget\" data-widget_type=\"icon.default\">\n\t\t\t\t\t\t\t<div class=\"elementor-icon-wrapper\">\n\t\t\t<div class=\"elementor-icon\">\n\t\t\t<svg aria-hidden=\"true\" class=\"e-font-icon-svg e-fas-circle\" viewBox=\"0 0 512 512\" xmlns=\"http:\/\/www.w3.org\/2000\/svg\"><path d=\"M256 8C119 8 8 119 8 256s111 248 248 248 248-111 248-248S393 8 256 8z\"><\/path><\/svg>\t\t\t<\/div>\n\t\t<\/div>\n\t\t\t\t\t\t<\/div>\n\t\t\t\t<div class=\"elementor-element elementor-element-1bb3ab1 elementor-widget elementor-widget-text-editor\" data-id=\"1bb3ab1\" data-element_type=\"widget\" data-widget_type=\"text-editor.default\">\n\t\t\t\t\t\t\t\t\t<p>aromaterapi\u0105<\/p>\t\t\t\t\t\t\t\t<\/div>\n\t\t\t\t<\/div>\n\t\t<div class=\"elementor-element elementor-element-dd099c2 e-con-full e-flex e-con e-child\" data-id=\"dd099c2\" data-element_type=\"container\">\n\t\t\t\t<div class=\"elementor-element elementor-element-2610862 elementor-view-default elementor-widget elementor-widget-icon\" data-id=\"2610862\" data-element_type=\"widget\" data-widget_type=\"icon.default\">\n\t\t\t\t\t\t\t<div class=\"elementor-icon-wrapper\">\n\t\t\t<div class=\"elementor-icon\">\n\t\t\t<svg aria-hidden=\"true\" class=\"e-font-icon-svg e-fas-circle\" viewBox=\"0 0 512 512\" xmlns=\"http:\/\/www.w3.org\/2000\/svg\"><path d=\"M256 8C119 8 8 119 8 256s111 248 248 248 248-111 248-248S393 8 256 8z\"><\/path><\/svg>\t\t\t<\/div>\n\t\t<\/div>\n\t\t\t\t\t\t<\/div>\n\t\t\t\t<div class=\"elementor-element elementor-element-25f0a3b elementor-widget elementor-widget-text-editor\" data-id=\"25f0a3b\" data-element_type=\"widget\" data-widget_type=\"text-editor.default\">\n\t\t\t\t\t\t\t\t\t<p>sesj\u0105 bioenergoterapii<\/p>\t\t\t\t\t\t\t\t<\/div>\n\t\t\t\t<\/div>\n\t\t\t\t<\/div>\n\t\t\t\t<\/div>\n\t\t\t\t<div class=\"elementor-element elementor-element-2d66db6 elementor-widget elementor-widget-spacer\" data-id=\"2d66db6\" data-element_type=\"widget\" data-widget_type=\"spacer.default\">\n\t\t\t\t\t\t\t<div class=\"elementor-spacer\">\n\t\t\t<div class=\"elementor-spacer-inner\"><\/div>\n\t\t<\/div>\n\t\t\t\t\t\t<\/div>\n\t\t\t\t<\/div>\n\t\t\t\t\t<\/div>\n\t\t\t\t<\/div>\n\t\t\t\t<\/div>\n\t\t","protected":false},"excerpt":{"rendered":"<p>Cennik Zaj\u0119cia grupowe Pojedyncze wej\u015bcie 60 z\u0142 Karnet &#8211; 4 wej\u015bcia 160 z\u0142 Karnet &#8211; 8 wej\u015b\u0107 280 z\u0142 Zaj\u0119cia indywidualne Pojedyncze zaj\u0119cia 160 z\u0142 Na zaj\u0119cia mo\u017cna zapisa\u0107 si\u0119 telefonicznie, mailowo lub pisz\u0105c do nas na naszym Instagramie i Facebooku.Karnety zaj\u0119\u0107 mo\u017cna zrealizowa\u0107 w ci\u0105gu 3 miesi\u0119cy.Bezp\u0142atna rezygnacja z zaj\u0119\u0107 mo\u017cliwa jest do 24h [&hellip;]<\/p>\n","protected":false},"author":1,"featured_media":0,"parent":0,"menu_order":0,"comment_status":"closed","ping_status":"closed","template":"","meta":{"_eb_attr":"","footnotes":""},"class_list":["post-19","page","type-page","status-publish","hentry"],"_links":{"self":[{"href":"https:\/\/santoshayoga.pl\/index.php?rest_route=\/wp\/v2\/pages\/19","targetHints":{"allow":["GET"]}}],"collection":[{"href":"https:\/\/santoshayoga.pl\/index.php?rest_route=\/wp\/v2\/pages"}],"about":[{"href":"https:\/\/santoshayoga.pl\/index.php?rest_route=\/wp\/v2\/types\/page"}],"author":[{"embeddable":true,"href":"https:\/\/santoshayoga.pl\/index.php?rest_route=\/wp\/v2\/users\/1"}],"replies":[{"embeddable":true,"href":"https:\/\/santoshayoga.pl\/index.php?rest_route=%2Fwp%2Fv2%2Fcomments&post=19"}],"version-history":[{"count":199,"href":"https:\/\/santoshayoga.pl\/index.php?rest_route=\/wp\/v2\/pages\/19\/revisions"}],"predecessor-version":[{"id":2375,"href":"https:\/\/santoshayoga.pl\/index.php?rest_route=\/wp\/v2\/pages\/19\/revisions\/2375"}],"wp:attachment":[{"href":"https:\/\/santoshayoga.pl\/index.php?rest_route=%2Fwp%2Fv2%2Fmedia&parent=19"}],"curies":[{"name":"wp","href":"https:\/\/api.w.org\/{rel}","templated":true}]}}